{"id":711,"date":"2022-04-01T17:16:52","date_gmt":"2022-04-01T15:16:52","guid":{"rendered":"https:\/\/www.drinkatering.com\/?post_type=product&#038;p=711"},"modified":"2025-04-02T10:05:24","modified_gmt":"2025-04-02T08:05:24","slug":"nelby","status":"publish","type":"product","link":"https:\/\/drinkatering.com\/fr\/prodotti\/erogatori-acqua-scuole\/nelby\/","title":{"rendered":"NELBY"},"content":{"rendered":"<p>Pellentesque habitant morbi tristique senectus et netus et malesuada fames ac turpis egestas. Vestibulum tortor quam, feugiat vitae, ultricies eget, tempor sit amet, ante. Donec eu libero sit amet quam egestas semper. Aenean ultricies mi vitae est. Mauris placerat eleifend leo.<\/p>","protected":false},"excerpt":{"rendered":"<p>This is an external product. [&#8230;]<\/p>\n<p><a class=\"btn btn-secondary dkr-read-more-link\" href=\"https:\/\/drinkatering.com\/fr\/prodotti\/erogatori-acqua-scuole\/nelby\/\">Lire la suite&#8230;<\/a><\/p>\n","protected":false},"featured_media":712,"comment_status":"open","ping_status":"closed","template":"","meta":{"_acf_changed":false},"product_brand":[],"product_cat":[89],"product_tag":[],"class_list":{"0":"post-711","1":"product","2":"type-product","3":"status-publish","4":"has-post-thumbnail","6":"product_cat-erogatori-acqua-scuole","8":"first","9":"instock","10":"shipping-taxable","11":"product-type-simple"},"acf":[],"yoast_head":"<!-- This site is optimized with the Yoast SEO plugin v27.4 - https:\/\/yoast.com\/product\/yoast-seo-wordpress\/ -->\n<title>Distributore di Acqua per Scuole NELBY | DKR Drinkatering<\/title>\n<meta name=\"description\" content=\"Nelby \u00e8 un erogatore inox da parete per scuole che fornisce acqua a temperatura ambiente in modo sicuro dosato antivandalo e con flussaggio automatico.\" \/>\n<meta name=\"robots\" content=\"index, follow, max-snippet:-1, max-image-preview:large, max-video-preview:-1\" \/>\n<link rel=\"canonical\" href=\"https:\/\/drinkatering.com\/fr\/produits\/distributeurs-deau-dans-les-ecoles\/nelby\/\" \/>\n<meta property=\"og:locale\" content=\"fr_FR\" \/>\n<meta property=\"og:type\" content=\"article\" \/>\n<meta property=\"og:title\" content=\"Distributore di Acqua per Scuole NELBY | DKR Drinkatering\" \/>\n<meta property=\"og:description\" content=\"Nelby \u00e8 un erogatore inox da parete per scuole che fornisce acqua a temperatura ambiente in modo sicuro dosato antivandalo e con flussaggio automatico.\" \/>\n<meta property=\"og:url\" content=\"https:\/\/drinkatering.com\/fr\/produits\/distributeurs-deau-dans-les-ecoles\/nelby\/\" \/>\n<meta property=\"og:site_name\" content=\"DKR\" \/>\n<meta property=\"article:publisher\" content=\"https:\/\/www.facebook.com\/dkrdrinkatering\" \/>\n<meta property=\"article:modified_time\" content=\"2025-04-02T08:05:24+00:00\" \/>\n<meta property=\"og:image\" content=\"https:\/\/drinkatering.com\/wp-content\/uploads\/2022\/04\/nelby-.jpg\" \/>\n\t<meta property=\"og:image:width\" content=\"585\" \/>\n\t<meta property=\"og:image:height\" content=\"624\" \/>\n\t<meta property=\"og:image:type\" content=\"image\/jpeg\" \/>\n<meta name=\"twitter:card\" content=\"summary_large_image\" \/>\n<meta name=\"twitter:label1\" content=\"Dur\u00e9e de lecture estim\u00e9e\" \/>\n\t<meta name=\"twitter:data1\" content=\"1 minute\" \/>\n<script type=\"application\/ld+json\" class=\"yoast-schema-graph\">{\"@context\":\"https:\\\/\\\/schema.org\",\"@graph\":[{\"@type\":\"WebPage\",\"@id\":\"https:\\\/\\\/drinkatering.com\\\/prodotti\\\/erogatori-acqua-scuole\\\/nelby\\\/\",\"url\":\"https:\\\/\\\/drinkatering.com\\\/prodotti\\\/erogatori-acqua-scuole\\\/nelby\\\/\",\"name\":\"Distributore di Acqua per Scuole NELBY | DKR Drinkatering\",\"isPartOf\":{\"@id\":\"https:\\\/\\\/drinkatering.com\\\/#website\"},\"primaryImageOfPage\":{\"@id\":\"https:\\\/\\\/drinkatering.com\\\/prodotti\\\/erogatori-acqua-scuole\\\/nelby\\\/#primaryimage\"},\"image\":{\"@id\":\"https:\\\/\\\/drinkatering.com\\\/prodotti\\\/erogatori-acqua-scuole\\\/nelby\\\/#primaryimage\"},\"thumbnailUrl\":\"https:\\\/\\\/drinkatering.com\\\/wp-content\\\/uploads\\\/2022\\\/04\\\/nelby-.jpg\",\"datePublished\":\"2022-04-01T15:16:52+00:00\",\"dateModified\":\"2025-04-02T08:05:24+00:00\",\"description\":\"Nelby \u00e8 un erogatore inox da parete per scuole che fornisce acqua a temperatura ambiente in modo sicuro dosato antivandalo e con flussaggio automatico.\",\"breadcrumb\":{\"@id\":\"https:\\\/\\\/drinkatering.com\\\/prodotti\\\/erogatori-acqua-scuole\\\/nelby\\\/#breadcrumb\"},\"inLanguage\":\"fr-FR\",\"potentialAction\":[{\"@type\":\"ReadAction\",\"target\":[\"https:\\\/\\\/drinkatering.com\\\/prodotti\\\/erogatori-acqua-scuole\\\/nelby\\\/\"]}]},{\"@type\":\"ImageObject\",\"inLanguage\":\"fr-FR\",\"@id\":\"https:\\\/\\\/drinkatering.com\\\/prodotti\\\/erogatori-acqua-scuole\\\/nelby\\\/#primaryimage\",\"url\":\"https:\\\/\\\/drinkatering.com\\\/wp-content\\\/uploads\\\/2022\\\/04\\\/nelby-.jpg\",\"contentUrl\":\"https:\\\/\\\/drinkatering.com\\\/wp-content\\\/uploads\\\/2022\\\/04\\\/nelby-.jpg\",\"width\":585,\"height\":624},{\"@type\":\"BreadcrumbList\",\"@id\":\"https:\\\/\\\/drinkatering.com\\\/prodotti\\\/erogatori-acqua-scuole\\\/nelby\\\/#breadcrumb\",\"itemListElement\":[{\"@type\":\"ListItem\",\"position\":1,\"name\":\"Home\",\"item\":\"https:\\\/\\\/drinkatering.com\\\/\"},{\"@type\":\"ListItem\",\"position\":2,\"name\":\"Shop\",\"item\":\"https:\\\/\\\/drinkatering.com\\\/shop\\\/\"},{\"@type\":\"ListItem\",\"position\":3,\"name\":\"NELBY\"}]},{\"@type\":\"WebSite\",\"@id\":\"https:\\\/\\\/drinkatering.com\\\/#website\",\"url\":\"https:\\\/\\\/drinkatering.com\\\/\",\"name\":\"drinkatering\",\"description\":\"Case dell&#039;Acqua e Apparecchiature per Erogazione Bevande\",\"publisher\":{\"@id\":\"https:\\\/\\\/drinkatering.com\\\/#organization\"},\"potentialAction\":[{\"@type\":\"SearchAction\",\"target\":{\"@type\":\"EntryPoint\",\"urlTemplate\":\"https:\\\/\\\/drinkatering.com\\\/?s={search_term_string}\"},\"query-input\":{\"@type\":\"PropertyValueSpecification\",\"valueRequired\":true,\"valueName\":\"search_term_string\"}}],\"inLanguage\":\"fr-FR\"},{\"@type\":\"Organization\",\"@id\":\"https:\\\/\\\/drinkatering.com\\\/#organization\",\"name\":\"drinkatering\",\"url\":\"https:\\\/\\\/drinkatering.com\\\/\",\"logo\":{\"@type\":\"ImageObject\",\"inLanguage\":\"fr-FR\",\"@id\":\"https:\\\/\\\/drinkatering.com\\\/#\\\/schema\\\/logo\\\/image\\\/\",\"url\":\"https:\\\/\\\/drinkatering.com\\\/wp-content\\\/uploads\\\/2022\\\/01\\\/logo.png\",\"contentUrl\":\"https:\\\/\\\/drinkatering.com\\\/wp-content\\\/uploads\\\/2022\\\/01\\\/logo.png\",\"width\":168,\"height\":74,\"caption\":\"drinkatering\"},\"image\":{\"@id\":\"https:\\\/\\\/drinkatering.com\\\/#\\\/schema\\\/logo\\\/image\\\/\"},\"sameAs\":[\"https:\\\/\\\/www.facebook.com\\\/dkrdrinkatering\",\"https:\\\/\\\/www.linkedin.com\\\/company\\\/dkr-drinkatering\\\/\"]}]}<\/script>\n<!-- \/ Yoast SEO plugin. -->","yoast_head_json":{"title":"Distributeur d'eau scolaire NELBY | DKR Drinkatering","description":"Nelby est un distributeur mural en acier inoxydable pour les \u00e9coles qui fournit de l'eau \u00e0 temp\u00e9rature ambiante de mani\u00e8re s\u00fbre, anti-vandalisme, avec un syst\u00e8me de dosage et de rin\u00e7age automatique.","robots":{"index":"index","follow":"follow","max-snippet":"max-snippet:-1","max-image-preview":"max-image-preview:large","max-video-preview":"max-video-preview:-1"},"canonical":"https:\/\/drinkatering.com\/fr\/produits\/distributeurs-deau-dans-les-ecoles\/nelby\/","og_locale":"fr_FR","og_type":"article","og_title":"Distributore di Acqua per Scuole NELBY | DKR Drinkatering","og_description":"Nelby \u00e8 un erogatore inox da parete per scuole che fornisce acqua a temperatura ambiente in modo sicuro dosato antivandalo e con flussaggio automatico.","og_url":"https:\/\/drinkatering.com\/fr\/produits\/distributeurs-deau-dans-les-ecoles\/nelby\/","og_site_name":"DKR","article_publisher":"https:\/\/www.facebook.com\/dkrdrinkatering","article_modified_time":"2025-04-02T08:05:24+00:00","og_image":[{"width":585,"height":624,"url":"https:\/\/drinkatering.com\/wp-content\/uploads\/2022\/04\/nelby-.jpg","type":"image\/jpeg"}],"twitter_card":"summary_large_image","twitter_misc":{"Dur\u00e9e de lecture estim\u00e9e":"1 minute"},"schema":{"@context":"https:\/\/schema.org","@graph":[{"@type":"WebPage","@id":"https:\/\/drinkatering.com\/prodotti\/erogatori-acqua-scuole\/nelby\/","url":"https:\/\/drinkatering.com\/prodotti\/erogatori-acqua-scuole\/nelby\/","name":"Distributeur d'eau scolaire NELBY | DKR Drinkatering","isPartOf":{"@id":"https:\/\/drinkatering.com\/#website"},"primaryImageOfPage":{"@id":"https:\/\/drinkatering.com\/prodotti\/erogatori-acqua-scuole\/nelby\/#primaryimage"},"image":{"@id":"https:\/\/drinkatering.com\/prodotti\/erogatori-acqua-scuole\/nelby\/#primaryimage"},"thumbnailUrl":"https:\/\/drinkatering.com\/wp-content\/uploads\/2022\/04\/nelby-.jpg","datePublished":"2022-04-01T15:16:52+00:00","dateModified":"2025-04-02T08:05:24+00:00","description":"Nelby est un distributeur mural en acier inoxydable pour les \u00e9coles qui fournit de l'eau \u00e0 temp\u00e9rature ambiante de mani\u00e8re s\u00fbre, anti-vandalisme, avec un syst\u00e8me de dosage et de rin\u00e7age automatique.","breadcrumb":{"@id":"https:\/\/drinkatering.com\/prodotti\/erogatori-acqua-scuole\/nelby\/#breadcrumb"},"inLanguage":"fr-FR","potentialAction":[{"@type":"ReadAction","target":["https:\/\/drinkatering.com\/prodotti\/erogatori-acqua-scuole\/nelby\/"]}]},{"@type":"ImageObject","inLanguage":"fr-FR","@id":"https:\/\/drinkatering.com\/prodotti\/erogatori-acqua-scuole\/nelby\/#primaryimage","url":"https:\/\/drinkatering.com\/wp-content\/uploads\/2022\/04\/nelby-.jpg","contentUrl":"https:\/\/drinkatering.com\/wp-content\/uploads\/2022\/04\/nelby-.jpg","width":585,"height":624},{"@type":"BreadcrumbList","@id":"https:\/\/drinkatering.com\/prodotti\/erogatori-acqua-scuole\/nelby\/#breadcrumb","itemListElement":[{"@type":"ListItem","position":1,"name":"Home","item":"https:\/\/drinkatering.com\/"},{"@type":"ListItem","position":2,"name":"Shop","item":"https:\/\/drinkatering.com\/shop\/"},{"@type":"ListItem","position":3,"name":"NELBY"}]},{"@type":"WebSite","@id":"https:\/\/drinkatering.com\/#website","url":"https:\/\/drinkatering.com\/","name":"l'abreuvoir","description":"Distributeurs d'eau et de boissons","publisher":{"@id":"https:\/\/drinkatering.com\/#organization"},"potentialAction":[{"@type":"SearchAction","target":{"@type":"EntryPoint","urlTemplate":"https:\/\/drinkatering.com\/?s={search_term_string}"},"query-input":{"@type":"PropertyValueSpecification","valueRequired":true,"valueName":"search_term_string"}}],"inLanguage":"fr-FR"},{"@type":"Organization","@id":"https:\/\/drinkatering.com\/#organization","name":"l'abreuvoir","url":"https:\/\/drinkatering.com\/","logo":{"@type":"ImageObject","inLanguage":"fr-FR","@id":"https:\/\/drinkatering.com\/#\/schema\/logo\/image\/","url":"https:\/\/drinkatering.com\/wp-content\/uploads\/2022\/01\/logo.png","contentUrl":"https:\/\/drinkatering.com\/wp-content\/uploads\/2022\/01\/logo.png","width":168,"height":74,"caption":"drinkatering"},"image":{"@id":"https:\/\/drinkatering.com\/#\/schema\/logo\/image\/"},"sameAs":["https:\/\/www.facebook.com\/dkrdrinkatering","https:\/\/www.linkedin.com\/company\/dkr-drinkatering\/"]}]}},"_links":{"self":[{"href":"https:\/\/drinkatering.com\/fr\/wp-json\/wp\/v2\/product\/711","targetHints":{"allow":["GET"]}}],"collection":[{"href":"https:\/\/drinkatering.com\/fr\/wp-json\/wp\/v2\/product"}],"about":[{"href":"https:\/\/drinkatering.com\/fr\/wp-json\/wp\/v2\/types\/product"}],"replies":[{"embeddable":true,"href":"https:\/\/drinkatering.com\/fr\/wp-json\/wp\/v2\/comments?post=711"}],"wp:featuredmedia":[{"embeddable":true,"href":"https:\/\/drinkatering.com\/fr\/wp-json\/wp\/v2\/media\/712"}],"wp:attachment":[{"href":"https:\/\/drinkatering.com\/fr\/wp-json\/wp\/v2\/media?parent=711"}],"wp:term":[{"taxonomy":"product_brand","embeddable":true,"href":"https:\/\/drinkatering.com\/fr\/wp-json\/wp\/v2\/product_brand?post=711"},{"taxonomy":"product_cat","embeddable":true,"href":"https:\/\/drinkatering.com\/fr\/wp-json\/wp\/v2\/product_cat?post=711"},{"taxonomy":"product_tag","embeddable":true,"href":"https:\/\/drinkatering.com\/fr\/wp-json\/wp\/v2\/product_tag?post=711"}],"curies":[{"name":"wp","href":"https:\/\/api.w.org\/{rel}","templated":true}]}}