{"id":6086,"date":"2024-02-26T11:53:29","date_gmt":"2024-02-26T10:53:29","guid":{"rendered":"https:\/\/www.drinkatering.com\/?post_type=product&#038;p=6086"},"modified":"2025-04-02T09:38:15","modified_gmt":"2025-04-02T07:38:15","slug":"hm","status":"publish","type":"product","link":"https:\/\/drinkatering.com\/fr\/prodotti\/case-acqua\/impianti\/vani-di-erogazione\/hm\/","title":{"rendered":"HM"},"content":{"rendered":"<p>Pellentesque habitant morbi tristique senectus et netus et malesuada fames ac turpis egestas. Vestibulum tortor quam, feugiat vitae, ultricies eget, tempor sit amet, ante. Donec eu libero sit amet quam egestas semper. Aenean ultricies mi vitae est. Mauris placerat eleifend leo.<\/p>","protected":false},"excerpt":{"rendered":"<p>This is an external product. [&#8230;]<\/p>\n<p><a class=\"btn btn-secondary dkr-read-more-link\" href=\"https:\/\/drinkatering.com\/fr\/prodotti\/case-acqua\/impianti\/vani-di-erogazione\/hm\/\">Lire la suite&#8230;<\/a><\/p>\n","protected":false},"featured_media":6087,"comment_status":"open","ping_status":"closed","template":"","meta":{"_acf_changed":false},"product_brand":[],"product_cat":[84],"product_tag":[],"class_list":{"0":"post-6086","1":"product","2":"type-product","3":"status-publish","4":"has-post-thumbnail","6":"product_cat-vani-di-erogazione","8":"first","9":"instock","10":"shipping-taxable","11":"product-type-simple"},"acf":[],"yoast_head":"<!-- This site is optimized with the Yoast SEO plugin v27.5 - https:\/\/yoast.com\/product\/yoast-seo-wordpress\/ -->\n<title>Distributore automatico Acqua HM | DKR Drinkatering<\/title>\n<meta name=\"description\" content=\"Vano di erogazione inox igienico e sicuro con protezione UVC doppio punto acqua facile da pulire e adatto a installazioni durature.\" \/>\n<meta name=\"robots\" content=\"index, follow, max-snippet:-1, max-image-preview:large, max-video-preview:-1\" \/>\n<link rel=\"canonical\" href=\"https:\/\/drinkatering.com\/fr\/produits\/maisons-eau\/installations\/compartiments-de-distribution\/hm\/\" \/>\n<meta property=\"og:locale\" content=\"fr_FR\" \/>\n<meta property=\"og:type\" content=\"article\" \/>\n<meta property=\"og:title\" content=\"Distributore automatico Acqua HM | DKR Drinkatering\" \/>\n<meta property=\"og:description\" content=\"Vano di erogazione inox igienico e sicuro con protezione UVC doppio punto acqua facile da pulire e adatto a installazioni durature.\" \/>\n<meta property=\"og:url\" content=\"https:\/\/drinkatering.com\/fr\/produits\/maisons-eau\/installations\/compartiments-de-distribution\/hm\/\" \/>\n<meta property=\"og:site_name\" content=\"DKR\" \/>\n<meta property=\"article:publisher\" content=\"https:\/\/www.facebook.com\/dkrdrinkatering\" \/>\n<meta property=\"article:modified_time\" content=\"2025-04-02T07:38:15+00:00\" \/>\n<meta property=\"og:image\" content=\"https:\/\/drinkatering.com\/wp-content\/uploads\/2024\/02\/A_DKR_erogatori02_0303As-copia-scaled.jpg\" \/>\n\t<meta property=\"og:image:width\" content=\"2560\" \/>\n\t<meta property=\"og:image:height\" content=\"2234\" \/>\n\t<meta property=\"og:image:type\" content=\"image\/jpeg\" \/>\n<meta name=\"twitter:card\" content=\"summary_large_image\" \/>\n<meta name=\"twitter:label1\" content=\"Dur\u00e9e de lecture estim\u00e9e\" \/>\n\t<meta name=\"twitter:data1\" content=\"1 minute\" \/>\n<script type=\"application\/ld+json\" class=\"yoast-schema-graph\">{\"@context\":\"https:\\\/\\\/schema.org\",\"@graph\":[{\"@type\":\"WebPage\",\"@id\":\"https:\\\/\\\/drinkatering.com\\\/prodotti\\\/case-acqua\\\/impianti\\\/vani-di-erogazione\\\/hm\\\/\",\"url\":\"https:\\\/\\\/drinkatering.com\\\/prodotti\\\/case-acqua\\\/impianti\\\/vani-di-erogazione\\\/hm\\\/\",\"name\":\"Distributore automatico Acqua HM | DKR Drinkatering\",\"isPartOf\":{\"@id\":\"https:\\\/\\\/drinkatering.com\\\/#website\"},\"primaryImageOfPage\":{\"@id\":\"https:\\\/\\\/drinkatering.com\\\/prodotti\\\/case-acqua\\\/impianti\\\/vani-di-erogazione\\\/hm\\\/#primaryimage\"},\"image\":{\"@id\":\"https:\\\/\\\/drinkatering.com\\\/prodotti\\\/case-acqua\\\/impianti\\\/vani-di-erogazione\\\/hm\\\/#primaryimage\"},\"thumbnailUrl\":\"https:\\\/\\\/drinkatering.com\\\/wp-content\\\/uploads\\\/2024\\\/02\\\/A_DKR_erogatori02_0303As-copia-scaled.jpg\",\"datePublished\":\"2024-02-26T10:53:29+00:00\",\"dateModified\":\"2025-04-02T07:38:15+00:00\",\"description\":\"Vano di erogazione inox igienico e sicuro con protezione UVC doppio punto acqua facile da pulire e adatto a installazioni durature.\",\"breadcrumb\":{\"@id\":\"https:\\\/\\\/drinkatering.com\\\/prodotti\\\/case-acqua\\\/impianti\\\/vani-di-erogazione\\\/hm\\\/#breadcrumb\"},\"inLanguage\":\"fr-FR\",\"potentialAction\":[{\"@type\":\"ReadAction\",\"target\":[\"https:\\\/\\\/drinkatering.com\\\/prodotti\\\/case-acqua\\\/impianti\\\/vani-di-erogazione\\\/hm\\\/\"]}]},{\"@type\":\"ImageObject\",\"inLanguage\":\"fr-FR\",\"@id\":\"https:\\\/\\\/drinkatering.com\\\/prodotti\\\/case-acqua\\\/impianti\\\/vani-di-erogazione\\\/hm\\\/#primaryimage\",\"url\":\"https:\\\/\\\/drinkatering.com\\\/wp-content\\\/uploads\\\/2024\\\/02\\\/A_DKR_erogatori02_0303As-copia-scaled.jpg\",\"contentUrl\":\"https:\\\/\\\/drinkatering.com\\\/wp-content\\\/uploads\\\/2024\\\/02\\\/A_DKR_erogatori02_0303As-copia-scaled.jpg\",\"width\":2560,\"height\":2234},{\"@type\":\"BreadcrumbList\",\"@id\":\"https:\\\/\\\/drinkatering.com\\\/prodotti\\\/case-acqua\\\/impianti\\\/vani-di-erogazione\\\/hm\\\/#breadcrumb\",\"itemListElement\":[{\"@type\":\"ListItem\",\"position\":1,\"name\":\"Home\",\"item\":\"https:\\\/\\\/drinkatering.com\\\/\"},{\"@type\":\"ListItem\",\"position\":2,\"name\":\"Shop\",\"item\":\"https:\\\/\\\/drinkatering.com\\\/shop\\\/\"},{\"@type\":\"ListItem\",\"position\":3,\"name\":\"HM\"}]},{\"@type\":\"WebSite\",\"@id\":\"https:\\\/\\\/drinkatering.com\\\/#website\",\"url\":\"https:\\\/\\\/drinkatering.com\\\/\",\"name\":\"drinkatering\",\"description\":\"Case dell&#039;Acqua e Apparecchiature per Erogazione Bevande\",\"publisher\":{\"@id\":\"https:\\\/\\\/drinkatering.com\\\/#organization\"},\"potentialAction\":[{\"@type\":\"SearchAction\",\"target\":{\"@type\":\"EntryPoint\",\"urlTemplate\":\"https:\\\/\\\/drinkatering.com\\\/?s={search_term_string}\"},\"query-input\":{\"@type\":\"PropertyValueSpecification\",\"valueRequired\":true,\"valueName\":\"search_term_string\"}}],\"inLanguage\":\"fr-FR\"},{\"@type\":\"Organization\",\"@id\":\"https:\\\/\\\/drinkatering.com\\\/#organization\",\"name\":\"drinkatering\",\"url\":\"https:\\\/\\\/drinkatering.com\\\/\",\"logo\":{\"@type\":\"ImageObject\",\"inLanguage\":\"fr-FR\",\"@id\":\"https:\\\/\\\/drinkatering.com\\\/#\\\/schema\\\/logo\\\/image\\\/\",\"url\":\"https:\\\/\\\/drinkatering.com\\\/wp-content\\\/uploads\\\/2022\\\/01\\\/logo.png\",\"contentUrl\":\"https:\\\/\\\/drinkatering.com\\\/wp-content\\\/uploads\\\/2022\\\/01\\\/logo.png\",\"width\":168,\"height\":74,\"caption\":\"drinkatering\"},\"image\":{\"@id\":\"https:\\\/\\\/drinkatering.com\\\/#\\\/schema\\\/logo\\\/image\\\/\"},\"sameAs\":[\"https:\\\/\\\/www.facebook.com\\\/dkrdrinkatering\",\"https:\\\/\\\/www.linkedin.com\\\/company\\\/dkr-drinkatering\\\/\"]}]}<\/script>\n<!-- \/ Yoast SEO plugin. -->","yoast_head_json":{"title":"Distributeur automatique d'eau HM | DKR Drinkatering","description":"Compartiment de distribution hygi\u00e9nique et s\u00fbr en acier inoxydable avec protection UVC du double point d'eau, facile \u00e0 nettoyer et adapt\u00e9 aux installations durables.","robots":{"index":"index","follow":"follow","max-snippet":"max-snippet:-1","max-image-preview":"max-image-preview:large","max-video-preview":"max-video-preview:-1"},"canonical":"https:\/\/drinkatering.com\/fr\/produits\/maisons-eau\/installations\/compartiments-de-distribution\/hm\/","og_locale":"fr_FR","og_type":"article","og_title":"Distributore automatico Acqua HM | DKR Drinkatering","og_description":"Vano di erogazione inox igienico e sicuro con protezione UVC doppio punto acqua facile da pulire e adatto a installazioni durature.","og_url":"https:\/\/drinkatering.com\/fr\/produits\/maisons-eau\/installations\/compartiments-de-distribution\/hm\/","og_site_name":"DKR","article_publisher":"https:\/\/www.facebook.com\/dkrdrinkatering","article_modified_time":"2025-04-02T07:38:15+00:00","og_image":[{"width":2560,"height":2234,"url":"https:\/\/drinkatering.com\/wp-content\/uploads\/2024\/02\/A_DKR_erogatori02_0303As-copia-scaled.jpg","type":"image\/jpeg"}],"twitter_card":"summary_large_image","twitter_misc":{"Dur\u00e9e de lecture estim\u00e9e":"1 minute"},"schema":{"@context":"https:\/\/schema.org","@graph":[{"@type":"WebPage","@id":"https:\/\/drinkatering.com\/prodotti\/case-acqua\/impianti\/vani-di-erogazione\/hm\/","url":"https:\/\/drinkatering.com\/prodotti\/case-acqua\/impianti\/vani-di-erogazione\/hm\/","name":"Distributeur automatique d'eau HM | DKR Drinkatering","isPartOf":{"@id":"https:\/\/drinkatering.com\/#website"},"primaryImageOfPage":{"@id":"https:\/\/drinkatering.com\/prodotti\/case-acqua\/impianti\/vani-di-erogazione\/hm\/#primaryimage"},"image":{"@id":"https:\/\/drinkatering.com\/prodotti\/case-acqua\/impianti\/vani-di-erogazione\/hm\/#primaryimage"},"thumbnailUrl":"https:\/\/drinkatering.com\/wp-content\/uploads\/2024\/02\/A_DKR_erogatori02_0303As-copia-scaled.jpg","datePublished":"2024-02-26T10:53:29+00:00","dateModified":"2025-04-02T07:38:15+00:00","description":"Compartiment de distribution hygi\u00e9nique et s\u00fbr en acier inoxydable avec protection UVC du double point d'eau, facile \u00e0 nettoyer et adapt\u00e9 aux installations durables.","breadcrumb":{"@id":"https:\/\/drinkatering.com\/prodotti\/case-acqua\/impianti\/vani-di-erogazione\/hm\/#breadcrumb"},"inLanguage":"fr-FR","potentialAction":[{"@type":"ReadAction","target":["https:\/\/drinkatering.com\/prodotti\/case-acqua\/impianti\/vani-di-erogazione\/hm\/"]}]},{"@type":"ImageObject","inLanguage":"fr-FR","@id":"https:\/\/drinkatering.com\/prodotti\/case-acqua\/impianti\/vani-di-erogazione\/hm\/#primaryimage","url":"https:\/\/drinkatering.com\/wp-content\/uploads\/2024\/02\/A_DKR_erogatori02_0303As-copia-scaled.jpg","contentUrl":"https:\/\/drinkatering.com\/wp-content\/uploads\/2024\/02\/A_DKR_erogatori02_0303As-copia-scaled.jpg","width":2560,"height":2234},{"@type":"BreadcrumbList","@id":"https:\/\/drinkatering.com\/prodotti\/case-acqua\/impianti\/vani-di-erogazione\/hm\/#breadcrumb","itemListElement":[{"@type":"ListItem","position":1,"name":"Home","item":"https:\/\/drinkatering.com\/"},{"@type":"ListItem","position":2,"name":"Shop","item":"https:\/\/drinkatering.com\/shop\/"},{"@type":"ListItem","position":3,"name":"HM"}]},{"@type":"WebSite","@id":"https:\/\/drinkatering.com\/#website","url":"https:\/\/drinkatering.com\/","name":"l'abreuvoir","description":"Distributeurs d'eau et de boissons","publisher":{"@id":"https:\/\/drinkatering.com\/#organization"},"potentialAction":[{"@type":"SearchAction","target":{"@type":"EntryPoint","urlTemplate":"https:\/\/drinkatering.com\/?s={search_term_string}"},"query-input":{"@type":"PropertyValueSpecification","valueRequired":true,"valueName":"search_term_string"}}],"inLanguage":"fr-FR"},{"@type":"Organization","@id":"https:\/\/drinkatering.com\/#organization","name":"l'abreuvoir","url":"https:\/\/drinkatering.com\/","logo":{"@type":"ImageObject","inLanguage":"fr-FR","@id":"https:\/\/drinkatering.com\/#\/schema\/logo\/image\/","url":"https:\/\/drinkatering.com\/wp-content\/uploads\/2022\/01\/logo.png","contentUrl":"https:\/\/drinkatering.com\/wp-content\/uploads\/2022\/01\/logo.png","width":168,"height":74,"caption":"drinkatering"},"image":{"@id":"https:\/\/drinkatering.com\/#\/schema\/logo\/image\/"},"sameAs":["https:\/\/www.facebook.com\/dkrdrinkatering","https:\/\/www.linkedin.com\/company\/dkr-drinkatering\/"]}]}},"_links":{"self":[{"href":"https:\/\/drinkatering.com\/fr\/wp-json\/wp\/v2\/product\/6086","targetHints":{"allow":["GET"]}}],"collection":[{"href":"https:\/\/drinkatering.com\/fr\/wp-json\/wp\/v2\/product"}],"about":[{"href":"https:\/\/drinkatering.com\/fr\/wp-json\/wp\/v2\/types\/product"}],"replies":[{"embeddable":true,"href":"https:\/\/drinkatering.com\/fr\/wp-json\/wp\/v2\/comments?post=6086"}],"wp:featuredmedia":[{"embeddable":true,"href":"https:\/\/drinkatering.com\/fr\/wp-json\/wp\/v2\/media\/6087"}],"wp:attachment":[{"href":"https:\/\/drinkatering.com\/fr\/wp-json\/wp\/v2\/media?parent=6086"}],"wp:term":[{"taxonomy":"product_brand","embeddable":true,"href":"https:\/\/drinkatering.com\/fr\/wp-json\/wp\/v2\/product_brand?post=6086"},{"taxonomy":"product_cat","embeddable":true,"href":"https:\/\/drinkatering.com\/fr\/wp-json\/wp\/v2\/product_cat?post=6086"},{"taxonomy":"product_tag","embeddable":true,"href":"https:\/\/drinkatering.com\/fr\/wp-json\/wp\/v2\/product_tag?post=6086"}],"curies":[{"name":"wp","href":"https:\/\/api.w.org\/{rel}","templated":true}]}}