{"id":6040,"date":"2025-05-18T12:33:25","date_gmt":"2025-05-18T10:33:25","guid":{"rendered":"https:\/\/www.drinkatering.com\/?post_type=product&#038;p=6040"},"modified":"2025-05-22T11:13:47","modified_gmt":"2025-05-22T09:13:47","slug":"cbs","status":"publish","type":"product","link":"https:\/\/drinkatering.com\/fr\/prodotti\/erogatori-acqua-resort-horeca\/cbs\/","title":{"rendered":"CBS"},"content":{"rendered":"<div class=\"page\" title=\"Page 3\">\n<div class=\"section\">\n<div class=\"layoutArea\">\n<div class=\"column\">\n<p>Nous avons mis au point un produit qui permet de distribuer de l'eau en bouteille par le biais d'un syst\u00e8me contr\u00f4l\u00e9, surveill\u00e9 et prot\u00e9g\u00e9, tout en minimisant les op\u00e9rations manuelles et l'espace de stockage.<\/p>\n<p>Les bouteilles peuvent \u00eatre remplies \u00e0 tout moment avec de l'eau potable trait\u00e9e et de bonne qualit\u00e9, fournie dans des conditions d'hygi\u00e8ne et de propret\u00e9.<\/p>\n<\/div>\n<\/div>\n<\/div>\n<\/div>","protected":false},"excerpt":{"rendered":"<p><strong>CBS \u00e8 la prima soluzione di trattamento acqua completa di lavaggio e riempimento delle bottiglie pensata per resort, alberghi e villaggi.<\/strong><\/p>\n<p>Abbiamo sviluppato un prodotto che consente di distribuire acqua in bottiglia attraverso un sistema controllato, monitorato e protetto riducendo al minimo le operazioni manuali e gli spazi di stoccaggio.<\/p>\n<p>In qualsiasi momento e\u0300 possibile riempire le bottiglie con acqua potabile trattata, buona e di qualita\u0300, erogata in condizioni di igiene e pulizia. [&#8230;]<\/p>\n<p><a class=\"btn btn-secondary dkr-read-more-link\" href=\"https:\/\/drinkatering.com\/fr\/prodotti\/erogatori-acqua-resort-horeca\/cbs\/\">Lire la suite&#8230;<\/a><\/p>\n","protected":false},"featured_media":6144,"comment_status":"open","ping_status":"closed","template":"","meta":{"_acf_changed":false},"product_brand":[],"product_cat":[35],"product_tag":[],"class_list":{"0":"post-6040","1":"product","2":"type-product","3":"status-publish","4":"has-post-thumbnail","6":"product_cat-erogatori-acqua-resort-horeca","8":"first","9":"instock","10":"shipping-taxable","11":"product-type-simple"},"acf":[],"yoast_head":"<!-- This site is optimized with the Yoast SEO plugin v27.4 - https:\/\/yoast.com\/product\/yoast-seo-wordpress\/ -->\n<title>Soluzioni Trattamento Acqua CBS | DKR Drinkatering<\/title>\n<meta name=\"description\" content=\"Prima soluzione per il trattamento dell&#039;acqua durante lavaggio e riempimento bottiglie pensata per resort alberghi e villaggi.\" \/>\n<meta name=\"robots\" content=\"index, follow, max-snippet:-1, max-image-preview:large, max-video-preview:-1\" \/>\n<link rel=\"canonical\" href=\"https:\/\/drinkatering.com\/fr\/produits\/distributeurs-deau-de-la-station-horeca\/cbs\/\" \/>\n<meta property=\"og:locale\" content=\"fr_FR\" \/>\n<meta property=\"og:type\" content=\"article\" \/>\n<meta property=\"og:title\" content=\"Soluzioni Trattamento Acqua CBS | DKR Drinkatering\" \/>\n<meta property=\"og:description\" content=\"Prima soluzione per il trattamento dell&#039;acqua durante lavaggio e riempimento bottiglie pensata per resort alberghi e villaggi.\" \/>\n<meta property=\"og:url\" content=\"https:\/\/drinkatering.com\/fr\/produits\/distributeurs-deau-de-la-station-horeca\/cbs\/\" \/>\n<meta property=\"og:site_name\" content=\"DKR\" \/>\n<meta property=\"article:publisher\" content=\"https:\/\/www.facebook.com\/dkrdrinkatering\" \/>\n<meta property=\"article:modified_time\" content=\"2025-05-22T09:13:47+00:00\" \/>\n<meta property=\"og:image\" content=\"https:\/\/drinkatering.com\/wp-content\/uploads\/2023\/12\/CBS2.218-1-scaled.jpg\" \/>\n\t<meta property=\"og:image:width\" content=\"2560\" \/>\n\t<meta property=\"og:image:height\" content=\"1640\" \/>\n\t<meta property=\"og:image:type\" content=\"image\/jpeg\" \/>\n<meta name=\"twitter:card\" content=\"summary_large_image\" \/>\n<meta name=\"twitter:label1\" content=\"Dur\u00e9e de lecture estim\u00e9e\" \/>\n\t<meta name=\"twitter:data1\" content=\"1 minute\" \/>\n<script type=\"application\/ld+json\" class=\"yoast-schema-graph\">{\"@context\":\"https:\\\/\\\/schema.org\",\"@graph\":[{\"@type\":\"WebPage\",\"@id\":\"https:\\\/\\\/drinkatering.com\\\/prodotti\\\/erogatori-acqua-resort-horeca\\\/cbs\\\/\",\"url\":\"https:\\\/\\\/drinkatering.com\\\/prodotti\\\/erogatori-acqua-resort-horeca\\\/cbs\\\/\",\"name\":\"Soluzioni Trattamento Acqua CBS | DKR Drinkatering\",\"isPartOf\":{\"@id\":\"https:\\\/\\\/drinkatering.com\\\/#website\"},\"primaryImageOfPage\":{\"@id\":\"https:\\\/\\\/drinkatering.com\\\/prodotti\\\/erogatori-acqua-resort-horeca\\\/cbs\\\/#primaryimage\"},\"image\":{\"@id\":\"https:\\\/\\\/drinkatering.com\\\/prodotti\\\/erogatori-acqua-resort-horeca\\\/cbs\\\/#primaryimage\"},\"thumbnailUrl\":\"https:\\\/\\\/drinkatering.com\\\/wp-content\\\/uploads\\\/2023\\\/12\\\/CBS2.218-1-scaled.jpg\",\"datePublished\":\"2025-05-18T10:33:25+00:00\",\"dateModified\":\"2025-05-22T09:13:47+00:00\",\"description\":\"Prima soluzione per il trattamento dell'acqua durante lavaggio e riempimento bottiglie pensata per resort alberghi e villaggi.\",\"breadcrumb\":{\"@id\":\"https:\\\/\\\/drinkatering.com\\\/prodotti\\\/erogatori-acqua-resort-horeca\\\/cbs\\\/#breadcrumb\"},\"inLanguage\":\"fr-FR\",\"potentialAction\":[{\"@type\":\"ReadAction\",\"target\":[\"https:\\\/\\\/drinkatering.com\\\/prodotti\\\/erogatori-acqua-resort-horeca\\\/cbs\\\/\"]}]},{\"@type\":\"ImageObject\",\"inLanguage\":\"fr-FR\",\"@id\":\"https:\\\/\\\/drinkatering.com\\\/prodotti\\\/erogatori-acqua-resort-horeca\\\/cbs\\\/#primaryimage\",\"url\":\"https:\\\/\\\/drinkatering.com\\\/wp-content\\\/uploads\\\/2023\\\/12\\\/CBS2.218-1-scaled.jpg\",\"contentUrl\":\"https:\\\/\\\/drinkatering.com\\\/wp-content\\\/uploads\\\/2023\\\/12\\\/CBS2.218-1-scaled.jpg\",\"width\":2560,\"height\":1640},{\"@type\":\"BreadcrumbList\",\"@id\":\"https:\\\/\\\/drinkatering.com\\\/prodotti\\\/erogatori-acqua-resort-horeca\\\/cbs\\\/#breadcrumb\",\"itemListElement\":[{\"@type\":\"ListItem\",\"position\":1,\"name\":\"Home\",\"item\":\"https:\\\/\\\/drinkatering.com\\\/\"},{\"@type\":\"ListItem\",\"position\":2,\"name\":\"Shop\",\"item\":\"https:\\\/\\\/drinkatering.com\\\/shop\\\/\"},{\"@type\":\"ListItem\",\"position\":3,\"name\":\"CBS\"}]},{\"@type\":\"WebSite\",\"@id\":\"https:\\\/\\\/drinkatering.com\\\/#website\",\"url\":\"https:\\\/\\\/drinkatering.com\\\/\",\"name\":\"drinkatering\",\"description\":\"Case dell&#039;Acqua e Apparecchiature per Erogazione Bevande\",\"publisher\":{\"@id\":\"https:\\\/\\\/drinkatering.com\\\/#organization\"},\"potentialAction\":[{\"@type\":\"SearchAction\",\"target\":{\"@type\":\"EntryPoint\",\"urlTemplate\":\"https:\\\/\\\/drinkatering.com\\\/?s={search_term_string}\"},\"query-input\":{\"@type\":\"PropertyValueSpecification\",\"valueRequired\":true,\"valueName\":\"search_term_string\"}}],\"inLanguage\":\"fr-FR\"},{\"@type\":\"Organization\",\"@id\":\"https:\\\/\\\/drinkatering.com\\\/#organization\",\"name\":\"drinkatering\",\"url\":\"https:\\\/\\\/drinkatering.com\\\/\",\"logo\":{\"@type\":\"ImageObject\",\"inLanguage\":\"fr-FR\",\"@id\":\"https:\\\/\\\/drinkatering.com\\\/#\\\/schema\\\/logo\\\/image\\\/\",\"url\":\"https:\\\/\\\/drinkatering.com\\\/wp-content\\\/uploads\\\/2022\\\/01\\\/logo.png\",\"contentUrl\":\"https:\\\/\\\/drinkatering.com\\\/wp-content\\\/uploads\\\/2022\\\/01\\\/logo.png\",\"width\":168,\"height\":74,\"caption\":\"drinkatering\"},\"image\":{\"@id\":\"https:\\\/\\\/drinkatering.com\\\/#\\\/schema\\\/logo\\\/image\\\/\"},\"sameAs\":[\"https:\\\/\\\/www.facebook.com\\\/dkrdrinkatering\",\"https:\\\/\\\/www.linkedin.com\\\/company\\\/dkr-drinkatering\\\/\"]}]}<\/script>\n<!-- \/ Yoast SEO plugin. -->","yoast_head_json":{"title":"Water Treatment Solutions CBS | DKR Drinkatering","description":"Premi\u00e8re solution de traitement de l'eau lors du lavage et du remplissage des bouteilles, con\u00e7ue pour les complexes h\u00f4teliers et les villages.","robots":{"index":"index","follow":"follow","max-snippet":"max-snippet:-1","max-image-preview":"max-image-preview:large","max-video-preview":"max-video-preview:-1"},"canonical":"https:\/\/drinkatering.com\/fr\/produits\/distributeurs-deau-de-la-station-horeca\/cbs\/","og_locale":"fr_FR","og_type":"article","og_title":"Soluzioni Trattamento Acqua CBS | DKR Drinkatering","og_description":"Prima soluzione per il trattamento dell'acqua durante lavaggio e riempimento bottiglie pensata per resort alberghi e villaggi.","og_url":"https:\/\/drinkatering.com\/fr\/produits\/distributeurs-deau-de-la-station-horeca\/cbs\/","og_site_name":"DKR","article_publisher":"https:\/\/www.facebook.com\/dkrdrinkatering","article_modified_time":"2025-05-22T09:13:47+00:00","og_image":[{"width":2560,"height":1640,"url":"https:\/\/drinkatering.com\/wp-content\/uploads\/2023\/12\/CBS2.218-1-scaled.jpg","type":"image\/jpeg"}],"twitter_card":"summary_large_image","twitter_misc":{"Dur\u00e9e de lecture estim\u00e9e":"1 minute"},"schema":{"@context":"https:\/\/schema.org","@graph":[{"@type":"WebPage","@id":"https:\/\/drinkatering.com\/prodotti\/erogatori-acqua-resort-horeca\/cbs\/","url":"https:\/\/drinkatering.com\/prodotti\/erogatori-acqua-resort-horeca\/cbs\/","name":"Water Treatment Solutions CBS | DKR Drinkatering","isPartOf":{"@id":"https:\/\/drinkatering.com\/#website"},"primaryImageOfPage":{"@id":"https:\/\/drinkatering.com\/prodotti\/erogatori-acqua-resort-horeca\/cbs\/#primaryimage"},"image":{"@id":"https:\/\/drinkatering.com\/prodotti\/erogatori-acqua-resort-horeca\/cbs\/#primaryimage"},"thumbnailUrl":"https:\/\/drinkatering.com\/wp-content\/uploads\/2023\/12\/CBS2.218-1-scaled.jpg","datePublished":"2025-05-18T10:33:25+00:00","dateModified":"2025-05-22T09:13:47+00:00","description":"Premi\u00e8re solution de traitement de l'eau lors du lavage et du remplissage des bouteilles, con\u00e7ue pour les complexes h\u00f4teliers et les villages.","breadcrumb":{"@id":"https:\/\/drinkatering.com\/prodotti\/erogatori-acqua-resort-horeca\/cbs\/#breadcrumb"},"inLanguage":"fr-FR","potentialAction":[{"@type":"ReadAction","target":["https:\/\/drinkatering.com\/prodotti\/erogatori-acqua-resort-horeca\/cbs\/"]}]},{"@type":"ImageObject","inLanguage":"fr-FR","@id":"https:\/\/drinkatering.com\/prodotti\/erogatori-acqua-resort-horeca\/cbs\/#primaryimage","url":"https:\/\/drinkatering.com\/wp-content\/uploads\/2023\/12\/CBS2.218-1-scaled.jpg","contentUrl":"https:\/\/drinkatering.com\/wp-content\/uploads\/2023\/12\/CBS2.218-1-scaled.jpg","width":2560,"height":1640},{"@type":"BreadcrumbList","@id":"https:\/\/drinkatering.com\/prodotti\/erogatori-acqua-resort-horeca\/cbs\/#breadcrumb","itemListElement":[{"@type":"ListItem","position":1,"name":"Home","item":"https:\/\/drinkatering.com\/"},{"@type":"ListItem","position":2,"name":"Shop","item":"https:\/\/drinkatering.com\/shop\/"},{"@type":"ListItem","position":3,"name":"CBS"}]},{"@type":"WebSite","@id":"https:\/\/drinkatering.com\/#website","url":"https:\/\/drinkatering.com\/","name":"l'abreuvoir","description":"Distributeurs d'eau et de boissons","publisher":{"@id":"https:\/\/drinkatering.com\/#organization"},"potentialAction":[{"@type":"SearchAction","target":{"@type":"EntryPoint","urlTemplate":"https:\/\/drinkatering.com\/?s={search_term_string}"},"query-input":{"@type":"PropertyValueSpecification","valueRequired":true,"valueName":"search_term_string"}}],"inLanguage":"fr-FR"},{"@type":"Organization","@id":"https:\/\/drinkatering.com\/#organization","name":"l'abreuvoir","url":"https:\/\/drinkatering.com\/","logo":{"@type":"ImageObject","inLanguage":"fr-FR","@id":"https:\/\/drinkatering.com\/#\/schema\/logo\/image\/","url":"https:\/\/drinkatering.com\/wp-content\/uploads\/2022\/01\/logo.png","contentUrl":"https:\/\/drinkatering.com\/wp-content\/uploads\/2022\/01\/logo.png","width":168,"height":74,"caption":"drinkatering"},"image":{"@id":"https:\/\/drinkatering.com\/#\/schema\/logo\/image\/"},"sameAs":["https:\/\/www.facebook.com\/dkrdrinkatering","https:\/\/www.linkedin.com\/company\/dkr-drinkatering\/"]}]}},"_links":{"self":[{"href":"https:\/\/drinkatering.com\/fr\/wp-json\/wp\/v2\/product\/6040","targetHints":{"allow":["GET"]}}],"collection":[{"href":"https:\/\/drinkatering.com\/fr\/wp-json\/wp\/v2\/product"}],"about":[{"href":"https:\/\/drinkatering.com\/fr\/wp-json\/wp\/v2\/types\/product"}],"replies":[{"embeddable":true,"href":"https:\/\/drinkatering.com\/fr\/wp-json\/wp\/v2\/comments?post=6040"}],"wp:featuredmedia":[{"embeddable":true,"href":"https:\/\/drinkatering.com\/fr\/wp-json\/wp\/v2\/media\/6144"}],"wp:attachment":[{"href":"https:\/\/drinkatering.com\/fr\/wp-json\/wp\/v2\/media?parent=6040"}],"wp:term":[{"taxonomy":"product_brand","embeddable":true,"href":"https:\/\/drinkatering.com\/fr\/wp-json\/wp\/v2\/product_brand?post=6040"},{"taxonomy":"product_cat","embeddable":true,"href":"https:\/\/drinkatering.com\/fr\/wp-json\/wp\/v2\/product_cat?post=6040"},{"taxonomy":"product_tag","embeddable":true,"href":"https:\/\/drinkatering.com\/fr\/wp-json\/wp\/v2\/product_tag?post=6040"}],"curies":[{"name":"wp","href":"https:\/\/api.w.org\/{rel}","templated":true}]}}