{"id":723,"date":"2022-04-01T17:45:09","date_gmt":"2022-04-01T15:45:09","guid":{"rendered":"https:\/\/www.drinkatering.com\/?post_type=product&#038;p=723"},"modified":"2025-04-02T10:06:13","modified_gmt":"2025-04-02T08:06:13","slug":"awa","status":"publish","type":"product","link":"https:\/\/drinkatering.com\/es\/prodotti\/erogatori-acqua-office\/awa\/","title":{"rendered":"AWA"},"content":{"rendered":"<p>Pellentesque habitant morbi tristique senectus et netus et malesuada fames ac turpis egestas. Vestibulum tortor quam, feugiat vitae, ultricies eget, tempor sit amet, ante. Donec eu libero sit amet quam egestas semper. Aenean ultricies mi vitae est. Mauris placerat eleifend leo.<\/p>","protected":false},"excerpt":{"rendered":"<p>This is an external product. [&#8230;]<\/p>\n<p><a class=\"btn btn-secondary dkr-read-more-link\" href=\"https:\/\/drinkatering.com\/es\/prodotti\/erogatori-acqua-office\/awa\/\">Leer m\u00e1s&#8230;<\/a><\/p>\n","protected":false},"featured_media":5820,"comment_status":"open","ping_status":"closed","template":"","meta":{"_acf_changed":false},"product_brand":[],"product_cat":[81,89],"product_tag":[],"class_list":{"0":"post-723","1":"product","2":"type-product","3":"status-publish","4":"has-post-thumbnail","6":"product_cat-erogatori-acqua-office","7":"product_cat-erogatori-acqua-scuole","9":"first","10":"instock","11":"shipping-taxable","12":"product-type-simple"},"acf":[],"yoast_head":"<!-- This site is optimized with the Yoast SEO plugin v27.4 - https:\/\/yoast.com\/product\/yoast-seo-wordpress\/ -->\n<title>Distributori Automatici di Acqua AWA | DKR Drinkatering<\/title>\n<meta name=\"description\" content=\"AWA \u00e8 un distributore automatico di acqua potabile ecologico pensato per spazi pubblici e privati come alternativa all&#039;uso della plastica.\" \/>\n<meta name=\"robots\" content=\"index, follow, max-snippet:-1, max-image-preview:large, max-video-preview:-1\" \/>\n<link rel=\"canonical\" href=\"https:\/\/drinkatering.com\/es\/productos\/dispensadores-de-agua-para-oficinas\/awa\/\" \/>\n<meta property=\"og:locale\" content=\"es_ES\" \/>\n<meta property=\"og:type\" content=\"article\" \/>\n<meta property=\"og:title\" content=\"Distributori Automatici di Acqua AWA | DKR Drinkatering\" \/>\n<meta property=\"og:description\" content=\"AWA \u00e8 un distributore automatico di acqua potabile ecologico pensato per spazi pubblici e privati come alternativa all&#039;uso della plastica.\" \/>\n<meta property=\"og:url\" content=\"https:\/\/drinkatering.com\/es\/productos\/dispensadores-de-agua-para-oficinas\/awa\/\" \/>\n<meta property=\"og:site_name\" content=\"DKR\" \/>\n<meta property=\"article:publisher\" content=\"https:\/\/www.facebook.com\/dkrdrinkatering\" \/>\n<meta property=\"article:modified_time\" content=\"2025-04-02T08:06:13+00:00\" \/>\n<meta property=\"og:image\" content=\"https:\/\/drinkatering.com\/wp-content\/uploads\/2022\/04\/prodottoAWA-sostituire11.png\" \/>\n\t<meta property=\"og:image:width\" content=\"1000\" \/>\n\t<meta property=\"og:image:height\" content=\"1544\" \/>\n\t<meta property=\"og:image:type\" content=\"image\/png\" \/>\n<meta name=\"twitter:card\" content=\"summary_large_image\" \/>\n<meta name=\"twitter:label1\" content=\"Tiempo de lectura\" \/>\n\t<meta name=\"twitter:data1\" content=\"1 minuto\" \/>\n<script type=\"application\/ld+json\" class=\"yoast-schema-graph\">{\"@context\":\"https:\\\/\\\/schema.org\",\"@graph\":[{\"@type\":\"WebPage\",\"@id\":\"https:\\\/\\\/drinkatering.com\\\/prodotti\\\/erogatori-acqua-office\\\/awa\\\/\",\"url\":\"https:\\\/\\\/drinkatering.com\\\/prodotti\\\/erogatori-acqua-office\\\/awa\\\/\",\"name\":\"Distributori Automatici di Acqua AWA | DKR Drinkatering\",\"isPartOf\":{\"@id\":\"https:\\\/\\\/drinkatering.com\\\/#website\"},\"primaryImageOfPage\":{\"@id\":\"https:\\\/\\\/drinkatering.com\\\/prodotti\\\/erogatori-acqua-office\\\/awa\\\/#primaryimage\"},\"image\":{\"@id\":\"https:\\\/\\\/drinkatering.com\\\/prodotti\\\/erogatori-acqua-office\\\/awa\\\/#primaryimage\"},\"thumbnailUrl\":\"https:\\\/\\\/drinkatering.com\\\/wp-content\\\/uploads\\\/2022\\\/04\\\/prodottoAWA-sostituire11.png\",\"datePublished\":\"2022-04-01T15:45:09+00:00\",\"dateModified\":\"2025-04-02T08:06:13+00:00\",\"description\":\"AWA \u00e8 un distributore automatico di acqua potabile ecologico pensato per spazi pubblici e privati come alternativa all'uso della plastica.\",\"breadcrumb\":{\"@id\":\"https:\\\/\\\/drinkatering.com\\\/prodotti\\\/erogatori-acqua-office\\\/awa\\\/#breadcrumb\"},\"inLanguage\":\"es\",\"potentialAction\":[{\"@type\":\"ReadAction\",\"target\":[\"https:\\\/\\\/drinkatering.com\\\/prodotti\\\/erogatori-acqua-office\\\/awa\\\/\"]}]},{\"@type\":\"ImageObject\",\"inLanguage\":\"es\",\"@id\":\"https:\\\/\\\/drinkatering.com\\\/prodotti\\\/erogatori-acqua-office\\\/awa\\\/#primaryimage\",\"url\":\"https:\\\/\\\/drinkatering.com\\\/wp-content\\\/uploads\\\/2022\\\/04\\\/prodottoAWA-sostituire11.png\",\"contentUrl\":\"https:\\\/\\\/drinkatering.com\\\/wp-content\\\/uploads\\\/2022\\\/04\\\/prodottoAWA-sostituire11.png\",\"width\":1000,\"height\":1544},{\"@type\":\"BreadcrumbList\",\"@id\":\"https:\\\/\\\/drinkatering.com\\\/prodotti\\\/erogatori-acqua-office\\\/awa\\\/#breadcrumb\",\"itemListElement\":[{\"@type\":\"ListItem\",\"position\":1,\"name\":\"Home\",\"item\":\"https:\\\/\\\/drinkatering.com\\\/\"},{\"@type\":\"ListItem\",\"position\":2,\"name\":\"Shop\",\"item\":\"https:\\\/\\\/drinkatering.com\\\/shop\\\/\"},{\"@type\":\"ListItem\",\"position\":3,\"name\":\"AWA\"}]},{\"@type\":\"WebSite\",\"@id\":\"https:\\\/\\\/drinkatering.com\\\/#website\",\"url\":\"https:\\\/\\\/drinkatering.com\\\/\",\"name\":\"drinkatering\",\"description\":\"Case dell&#039;Acqua e Apparecchiature per Erogazione Bevande\",\"publisher\":{\"@id\":\"https:\\\/\\\/drinkatering.com\\\/#organization\"},\"potentialAction\":[{\"@type\":\"SearchAction\",\"target\":{\"@type\":\"EntryPoint\",\"urlTemplate\":\"https:\\\/\\\/drinkatering.com\\\/?s={search_term_string}\"},\"query-input\":{\"@type\":\"PropertyValueSpecification\",\"valueRequired\":true,\"valueName\":\"search_term_string\"}}],\"inLanguage\":\"es\"},{\"@type\":\"Organization\",\"@id\":\"https:\\\/\\\/drinkatering.com\\\/#organization\",\"name\":\"drinkatering\",\"url\":\"https:\\\/\\\/drinkatering.com\\\/\",\"logo\":{\"@type\":\"ImageObject\",\"inLanguage\":\"es\",\"@id\":\"https:\\\/\\\/drinkatering.com\\\/#\\\/schema\\\/logo\\\/image\\\/\",\"url\":\"https:\\\/\\\/drinkatering.com\\\/wp-content\\\/uploads\\\/2022\\\/01\\\/logo.png\",\"contentUrl\":\"https:\\\/\\\/drinkatering.com\\\/wp-content\\\/uploads\\\/2022\\\/01\\\/logo.png\",\"width\":168,\"height\":74,\"caption\":\"drinkatering\"},\"image\":{\"@id\":\"https:\\\/\\\/drinkatering.com\\\/#\\\/schema\\\/logo\\\/image\\\/\"},\"sameAs\":[\"https:\\\/\\\/www.facebook.com\\\/dkrdrinkatering\",\"https:\\\/\\\/www.linkedin.com\\\/company\\\/dkr-drinkatering\\\/\"]}]}<\/script>\n<!-- \/ Yoast SEO plugin. -->","yoast_head_json":{"title":"Dispensadores autom\u00e1ticos de agua AWA | DKR Drinkatering","description":"AWA es un dispensador de agua potable respetuoso con el medio ambiente dise\u00f1ado para espacios p\u00fablicos y privados como alternativa al uso de pl\u00e1stico.","robots":{"index":"index","follow":"follow","max-snippet":"max-snippet:-1","max-image-preview":"max-image-preview:large","max-video-preview":"max-video-preview:-1"},"canonical":"https:\/\/drinkatering.com\/es\/productos\/dispensadores-de-agua-para-oficinas\/awa\/","og_locale":"es_ES","og_type":"article","og_title":"Distributori Automatici di Acqua AWA | DKR Drinkatering","og_description":"AWA \u00e8 un distributore automatico di acqua potabile ecologico pensato per spazi pubblici e privati come alternativa all'uso della plastica.","og_url":"https:\/\/drinkatering.com\/es\/productos\/dispensadores-de-agua-para-oficinas\/awa\/","og_site_name":"DKR","article_publisher":"https:\/\/www.facebook.com\/dkrdrinkatering","article_modified_time":"2025-04-02T08:06:13+00:00","og_image":[{"width":1000,"height":1544,"url":"https:\/\/drinkatering.com\/wp-content\/uploads\/2022\/04\/prodottoAWA-sostituire11.png","type":"image\/png"}],"twitter_card":"summary_large_image","twitter_misc":{"Tiempo de lectura":"1 minuto"},"schema":{"@context":"https:\/\/schema.org","@graph":[{"@type":"WebPage","@id":"https:\/\/drinkatering.com\/prodotti\/erogatori-acqua-office\/awa\/","url":"https:\/\/drinkatering.com\/prodotti\/erogatori-acqua-office\/awa\/","name":"Dispensadores autom\u00e1ticos de agua AWA | DKR Drinkatering","isPartOf":{"@id":"https:\/\/drinkatering.com\/#website"},"primaryImageOfPage":{"@id":"https:\/\/drinkatering.com\/prodotti\/erogatori-acqua-office\/awa\/#primaryimage"},"image":{"@id":"https:\/\/drinkatering.com\/prodotti\/erogatori-acqua-office\/awa\/#primaryimage"},"thumbnailUrl":"https:\/\/drinkatering.com\/wp-content\/uploads\/2022\/04\/prodottoAWA-sostituire11.png","datePublished":"2022-04-01T15:45:09+00:00","dateModified":"2025-04-02T08:06:13+00:00","description":"AWA es un dispensador de agua potable respetuoso con el medio ambiente dise\u00f1ado para espacios p\u00fablicos y privados como alternativa al uso de pl\u00e1stico.","breadcrumb":{"@id":"https:\/\/drinkatering.com\/prodotti\/erogatori-acqua-office\/awa\/#breadcrumb"},"inLanguage":"es","potentialAction":[{"@type":"ReadAction","target":["https:\/\/drinkatering.com\/prodotti\/erogatori-acqua-office\/awa\/"]}]},{"@type":"ImageObject","inLanguage":"es","@id":"https:\/\/drinkatering.com\/prodotti\/erogatori-acqua-office\/awa\/#primaryimage","url":"https:\/\/drinkatering.com\/wp-content\/uploads\/2022\/04\/prodottoAWA-sostituire11.png","contentUrl":"https:\/\/drinkatering.com\/wp-content\/uploads\/2022\/04\/prodottoAWA-sostituire11.png","width":1000,"height":1544},{"@type":"BreadcrumbList","@id":"https:\/\/drinkatering.com\/prodotti\/erogatori-acqua-office\/awa\/#breadcrumb","itemListElement":[{"@type":"ListItem","position":1,"name":"Home","item":"https:\/\/drinkatering.com\/"},{"@type":"ListItem","position":2,"name":"Shop","item":"https:\/\/drinkatering.com\/shop\/"},{"@type":"ListItem","position":3,"name":"AWA"}]},{"@type":"WebSite","@id":"https:\/\/drinkatering.com\/#website","url":"https:\/\/drinkatering.com\/","name":"bebiendo","description":"Casas de agua y equipos dispensadores de bebidas","publisher":{"@id":"https:\/\/drinkatering.com\/#organization"},"potentialAction":[{"@type":"SearchAction","target":{"@type":"EntryPoint","urlTemplate":"https:\/\/drinkatering.com\/?s={search_term_string}"},"query-input":{"@type":"PropertyValueSpecification","valueRequired":true,"valueName":"search_term_string"}}],"inLanguage":"es"},{"@type":"Organization","@id":"https:\/\/drinkatering.com\/#organization","name":"bebiendo","url":"https:\/\/drinkatering.com\/","logo":{"@type":"ImageObject","inLanguage":"es","@id":"https:\/\/drinkatering.com\/#\/schema\/logo\/image\/","url":"https:\/\/drinkatering.com\/wp-content\/uploads\/2022\/01\/logo.png","contentUrl":"https:\/\/drinkatering.com\/wp-content\/uploads\/2022\/01\/logo.png","width":168,"height":74,"caption":"drinkatering"},"image":{"@id":"https:\/\/drinkatering.com\/#\/schema\/logo\/image\/"},"sameAs":["https:\/\/www.facebook.com\/dkrdrinkatering","https:\/\/www.linkedin.com\/company\/dkr-drinkatering\/"]}]}},"_links":{"self":[{"href":"https:\/\/drinkatering.com\/es\/wp-json\/wp\/v2\/product\/723","targetHints":{"allow":["GET"]}}],"collection":[{"href":"https:\/\/drinkatering.com\/es\/wp-json\/wp\/v2\/product"}],"about":[{"href":"https:\/\/drinkatering.com\/es\/wp-json\/wp\/v2\/types\/product"}],"replies":[{"embeddable":true,"href":"https:\/\/drinkatering.com\/es\/wp-json\/wp\/v2\/comments?post=723"}],"wp:featuredmedia":[{"embeddable":true,"href":"https:\/\/drinkatering.com\/es\/wp-json\/wp\/v2\/media\/5820"}],"wp:attachment":[{"href":"https:\/\/drinkatering.com\/es\/wp-json\/wp\/v2\/media?parent=723"}],"wp:term":[{"taxonomy":"product_brand","embeddable":true,"href":"https:\/\/drinkatering.com\/es\/wp-json\/wp\/v2\/product_brand?post=723"},{"taxonomy":"product_cat","embeddable":true,"href":"https:\/\/drinkatering.com\/es\/wp-json\/wp\/v2\/product_cat?post=723"},{"taxonomy":"product_tag","embeddable":true,"href":"https:\/\/drinkatering.com\/es\/wp-json\/wp\/v2\/product_tag?post=723"}],"curies":[{"name":"wp","href":"https:\/\/api.w.org\/{rel}","templated":true}]}}