{"id":6887,"date":"2025-03-28T12:07:48","date_gmt":"2025-03-28T11:07:48","guid":{"rendered":"https:\/\/www.drinkatering.com\/?post_type=product&#038;p=6887"},"modified":"2025-05-19T15:26:39","modified_gmt":"2025-05-19T13:26:39","slug":"voreal-nat","status":"publish","type":"product","link":"https:\/\/drinkatering.com\/es\/prodotti\/erogatori-acqua-office\/voreal-nat\/","title":{"rendered":"VOREAL NAT"},"content":{"rendered":"","protected":false},"excerpt":{"rendered":"<p>This is an external product. [&#8230;]<\/p>\n<p><a class=\"btn btn-secondary dkr-read-more-link\" href=\"https:\/\/drinkatering.com\/es\/prodotti\/erogatori-acqua-office\/voreal-nat\/\">Leer m\u00e1s&#8230;<\/a><\/p>\n","protected":false},"featured_media":6889,"comment_status":"open","ping_status":"closed","template":"","meta":{"_acf_changed":false},"product_brand":[],"product_cat":[81],"product_tag":[],"class_list":{"0":"post-6887","1":"product","2":"type-product","3":"status-publish","4":"has-post-thumbnail","6":"product_cat-erogatori-acqua-office","8":"first","9":"instock","10":"shipping-taxable","11":"product-type-simple"},"acf":[],"yoast_head":"<!-- This site is optimized with the Yoast SEO plugin v27.4 - https:\/\/yoast.com\/product\/yoast-seo-wordpress\/ -->\n<title>Distributore di Acqua naturale VOREAL NAT | DKR<\/title>\n<meta name=\"description\" content=\"Voreal Nat \u00e8 l\u2019erogatore di acqua naturale e fredda, direttamente dalla rete idrica, per un\u2019idratazione sicura e fresca ogni giorno.\" \/>\n<meta name=\"robots\" content=\"index, follow, max-snippet:-1, max-image-preview:large, max-video-preview:-1\" \/>\n<link rel=\"canonical\" href=\"https:\/\/drinkatering.com\/es\/productos\/dispensadores-de-agua-para-oficinas\/voreal-nat\/\" \/>\n<meta property=\"og:locale\" content=\"es_ES\" \/>\n<meta property=\"og:type\" content=\"article\" \/>\n<meta property=\"og:title\" content=\"Distributore di Acqua naturale VOREAL NAT | DKR\" \/>\n<meta property=\"og:description\" content=\"Voreal Nat \u00e8 l\u2019erogatore di acqua naturale e fredda, direttamente dalla rete idrica, per un\u2019idratazione sicura e fresca ogni giorno.\" \/>\n<meta property=\"og:url\" content=\"https:\/\/drinkatering.com\/es\/productos\/dispensadores-de-agua-para-oficinas\/voreal-nat\/\" \/>\n<meta property=\"og:site_name\" content=\"DKR\" \/>\n<meta property=\"article:publisher\" content=\"https:\/\/www.facebook.com\/dkrdrinkatering\" \/>\n<meta property=\"article:modified_time\" content=\"2025-05-19T13:26:39+00:00\" \/>\n<meta property=\"og:image\" content=\"https:\/\/drinkatering.com\/wp-content\/uploads\/2025\/03\/818-a-nero-1.png\" \/>\n\t<meta property=\"og:image:width\" content=\"1152\" \/>\n\t<meta property=\"og:image:height\" content=\"1152\" \/>\n\t<meta property=\"og:image:type\" content=\"image\/png\" \/>\n<meta name=\"twitter:card\" content=\"summary_large_image\" \/>\n<meta name=\"twitter:label1\" content=\"Tiempo de lectura\" \/>\n\t<meta name=\"twitter:data1\" content=\"1 minuto\" \/>\n<script type=\"application\/ld+json\" class=\"yoast-schema-graph\">{\"@context\":\"https:\\\/\\\/schema.org\",\"@graph\":[{\"@type\":\"WebPage\",\"@id\":\"https:\\\/\\\/drinkatering.com\\\/prodotti\\\/erogatori-acqua-office\\\/voreal-nat\\\/\",\"url\":\"https:\\\/\\\/drinkatering.com\\\/prodotti\\\/erogatori-acqua-office\\\/voreal-nat\\\/\",\"name\":\"Distributore di Acqua naturale VOREAL NAT | DKR\",\"isPartOf\":{\"@id\":\"https:\\\/\\\/drinkatering.com\\\/#website\"},\"primaryImageOfPage\":{\"@id\":\"https:\\\/\\\/drinkatering.com\\\/prodotti\\\/erogatori-acqua-office\\\/voreal-nat\\\/#primaryimage\"},\"image\":{\"@id\":\"https:\\\/\\\/drinkatering.com\\\/prodotti\\\/erogatori-acqua-office\\\/voreal-nat\\\/#primaryimage\"},\"thumbnailUrl\":\"https:\\\/\\\/drinkatering.com\\\/wp-content\\\/uploads\\\/2025\\\/03\\\/818-a-nero-1.png\",\"datePublished\":\"2025-03-28T11:07:48+00:00\",\"dateModified\":\"2025-05-19T13:26:39+00:00\",\"description\":\"Voreal Nat \u00e8 l\u2019erogatore di acqua naturale e fredda, direttamente dalla rete idrica, per un\u2019idratazione sicura e fresca ogni giorno.\",\"breadcrumb\":{\"@id\":\"https:\\\/\\\/drinkatering.com\\\/prodotti\\\/erogatori-acqua-office\\\/voreal-nat\\\/#breadcrumb\"},\"inLanguage\":\"es\",\"potentialAction\":[{\"@type\":\"ReadAction\",\"target\":[\"https:\\\/\\\/drinkatering.com\\\/prodotti\\\/erogatori-acqua-office\\\/voreal-nat\\\/\"]}]},{\"@type\":\"ImageObject\",\"inLanguage\":\"es\",\"@id\":\"https:\\\/\\\/drinkatering.com\\\/prodotti\\\/erogatori-acqua-office\\\/voreal-nat\\\/#primaryimage\",\"url\":\"https:\\\/\\\/drinkatering.com\\\/wp-content\\\/uploads\\\/2025\\\/03\\\/818-a-nero-1.png\",\"contentUrl\":\"https:\\\/\\\/drinkatering.com\\\/wp-content\\\/uploads\\\/2025\\\/03\\\/818-a-nero-1.png\",\"width\":1152,\"height\":1152},{\"@type\":\"BreadcrumbList\",\"@id\":\"https:\\\/\\\/drinkatering.com\\\/prodotti\\\/erogatori-acqua-office\\\/voreal-nat\\\/#breadcrumb\",\"itemListElement\":[{\"@type\":\"ListItem\",\"position\":1,\"name\":\"Home\",\"item\":\"https:\\\/\\\/drinkatering.com\\\/\"},{\"@type\":\"ListItem\",\"position\":2,\"name\":\"Shop\",\"item\":\"https:\\\/\\\/drinkatering.com\\\/shop\\\/\"},{\"@type\":\"ListItem\",\"position\":3,\"name\":\"VOREAL NAT\"}]},{\"@type\":\"WebSite\",\"@id\":\"https:\\\/\\\/drinkatering.com\\\/#website\",\"url\":\"https:\\\/\\\/drinkatering.com\\\/\",\"name\":\"drinkatering\",\"description\":\"Case dell&#039;Acqua e Apparecchiature per Erogazione Bevande\",\"publisher\":{\"@id\":\"https:\\\/\\\/drinkatering.com\\\/#organization\"},\"potentialAction\":[{\"@type\":\"SearchAction\",\"target\":{\"@type\":\"EntryPoint\",\"urlTemplate\":\"https:\\\/\\\/drinkatering.com\\\/?s={search_term_string}\"},\"query-input\":{\"@type\":\"PropertyValueSpecification\",\"valueRequired\":true,\"valueName\":\"search_term_string\"}}],\"inLanguage\":\"es\"},{\"@type\":\"Organization\",\"@id\":\"https:\\\/\\\/drinkatering.com\\\/#organization\",\"name\":\"drinkatering\",\"url\":\"https:\\\/\\\/drinkatering.com\\\/\",\"logo\":{\"@type\":\"ImageObject\",\"inLanguage\":\"es\",\"@id\":\"https:\\\/\\\/drinkatering.com\\\/#\\\/schema\\\/logo\\\/image\\\/\",\"url\":\"https:\\\/\\\/drinkatering.com\\\/wp-content\\\/uploads\\\/2022\\\/01\\\/logo.png\",\"contentUrl\":\"https:\\\/\\\/drinkatering.com\\\/wp-content\\\/uploads\\\/2022\\\/01\\\/logo.png\",\"width\":168,\"height\":74,\"caption\":\"drinkatering\"},\"image\":{\"@id\":\"https:\\\/\\\/drinkatering.com\\\/#\\\/schema\\\/logo\\\/image\\\/\"},\"sameAs\":[\"https:\\\/\\\/www.facebook.com\\\/dkrdrinkatering\",\"https:\\\/\\\/www.linkedin.com\\\/company\\\/dkr-drinkatering\\\/\"]}]}<\/script>\n<!-- \/ Yoast SEO plugin. -->","yoast_head_json":{"title":"VOREAL NAT | DKR dispensador de agua natural","description":"Voreal Nat es el dispensador de agua natural y fr\u00eda, directamente de la red, para una hidrataci\u00f3n segura y fresca todos los d\u00edas.","robots":{"index":"index","follow":"follow","max-snippet":"max-snippet:-1","max-image-preview":"max-image-preview:large","max-video-preview":"max-video-preview:-1"},"canonical":"https:\/\/drinkatering.com\/es\/productos\/dispensadores-de-agua-para-oficinas\/voreal-nat\/","og_locale":"es_ES","og_type":"article","og_title":"Distributore di Acqua naturale VOREAL NAT | DKR","og_description":"Voreal Nat \u00e8 l\u2019erogatore di acqua naturale e fredda, direttamente dalla rete idrica, per un\u2019idratazione sicura e fresca ogni giorno.","og_url":"https:\/\/drinkatering.com\/es\/productos\/dispensadores-de-agua-para-oficinas\/voreal-nat\/","og_site_name":"DKR","article_publisher":"https:\/\/www.facebook.com\/dkrdrinkatering","article_modified_time":"2025-05-19T13:26:39+00:00","og_image":[{"width":1152,"height":1152,"url":"https:\/\/drinkatering.com\/wp-content\/uploads\/2025\/03\/818-a-nero-1.png","type":"image\/png"}],"twitter_card":"summary_large_image","twitter_misc":{"Tiempo de lectura":"1 minuto"},"schema":{"@context":"https:\/\/schema.org","@graph":[{"@type":"WebPage","@id":"https:\/\/drinkatering.com\/prodotti\/erogatori-acqua-office\/voreal-nat\/","url":"https:\/\/drinkatering.com\/prodotti\/erogatori-acqua-office\/voreal-nat\/","name":"VOREAL NAT | DKR dispensador de agua natural","isPartOf":{"@id":"https:\/\/drinkatering.com\/#website"},"primaryImageOfPage":{"@id":"https:\/\/drinkatering.com\/prodotti\/erogatori-acqua-office\/voreal-nat\/#primaryimage"},"image":{"@id":"https:\/\/drinkatering.com\/prodotti\/erogatori-acqua-office\/voreal-nat\/#primaryimage"},"thumbnailUrl":"https:\/\/drinkatering.com\/wp-content\/uploads\/2025\/03\/818-a-nero-1.png","datePublished":"2025-03-28T11:07:48+00:00","dateModified":"2025-05-19T13:26:39+00:00","description":"Voreal Nat es el dispensador de agua natural y fr\u00eda, directamente de la red, para una hidrataci\u00f3n segura y fresca todos los d\u00edas.","breadcrumb":{"@id":"https:\/\/drinkatering.com\/prodotti\/erogatori-acqua-office\/voreal-nat\/#breadcrumb"},"inLanguage":"es","potentialAction":[{"@type":"ReadAction","target":["https:\/\/drinkatering.com\/prodotti\/erogatori-acqua-office\/voreal-nat\/"]}]},{"@type":"ImageObject","inLanguage":"es","@id":"https:\/\/drinkatering.com\/prodotti\/erogatori-acqua-office\/voreal-nat\/#primaryimage","url":"https:\/\/drinkatering.com\/wp-content\/uploads\/2025\/03\/818-a-nero-1.png","contentUrl":"https:\/\/drinkatering.com\/wp-content\/uploads\/2025\/03\/818-a-nero-1.png","width":1152,"height":1152},{"@type":"BreadcrumbList","@id":"https:\/\/drinkatering.com\/prodotti\/erogatori-acqua-office\/voreal-nat\/#breadcrumb","itemListElement":[{"@type":"ListItem","position":1,"name":"Home","item":"https:\/\/drinkatering.com\/"},{"@type":"ListItem","position":2,"name":"Shop","item":"https:\/\/drinkatering.com\/shop\/"},{"@type":"ListItem","position":3,"name":"VOREAL NAT"}]},{"@type":"WebSite","@id":"https:\/\/drinkatering.com\/#website","url":"https:\/\/drinkatering.com\/","name":"bebiendo","description":"Casas de agua y equipos dispensadores de bebidas","publisher":{"@id":"https:\/\/drinkatering.com\/#organization"},"potentialAction":[{"@type":"SearchAction","target":{"@type":"EntryPoint","urlTemplate":"https:\/\/drinkatering.com\/?s={search_term_string}"},"query-input":{"@type":"PropertyValueSpecification","valueRequired":true,"valueName":"search_term_string"}}],"inLanguage":"es"},{"@type":"Organization","@id":"https:\/\/drinkatering.com\/#organization","name":"bebiendo","url":"https:\/\/drinkatering.com\/","logo":{"@type":"ImageObject","inLanguage":"es","@id":"https:\/\/drinkatering.com\/#\/schema\/logo\/image\/","url":"https:\/\/drinkatering.com\/wp-content\/uploads\/2022\/01\/logo.png","contentUrl":"https:\/\/drinkatering.com\/wp-content\/uploads\/2022\/01\/logo.png","width":168,"height":74,"caption":"drinkatering"},"image":{"@id":"https:\/\/drinkatering.com\/#\/schema\/logo\/image\/"},"sameAs":["https:\/\/www.facebook.com\/dkrdrinkatering","https:\/\/www.linkedin.com\/company\/dkr-drinkatering\/"]}]}},"_links":{"self":[{"href":"https:\/\/drinkatering.com\/es\/wp-json\/wp\/v2\/product\/6887","targetHints":{"allow":["GET"]}}],"collection":[{"href":"https:\/\/drinkatering.com\/es\/wp-json\/wp\/v2\/product"}],"about":[{"href":"https:\/\/drinkatering.com\/es\/wp-json\/wp\/v2\/types\/product"}],"replies":[{"embeddable":true,"href":"https:\/\/drinkatering.com\/es\/wp-json\/wp\/v2\/comments?post=6887"}],"wp:featuredmedia":[{"embeddable":true,"href":"https:\/\/drinkatering.com\/es\/wp-json\/wp\/v2\/media\/6889"}],"wp:attachment":[{"href":"https:\/\/drinkatering.com\/es\/wp-json\/wp\/v2\/media?parent=6887"}],"wp:term":[{"taxonomy":"product_brand","embeddable":true,"href":"https:\/\/drinkatering.com\/es\/wp-json\/wp\/v2\/product_brand?post=6887"},{"taxonomy":"product_cat","embeddable":true,"href":"https:\/\/drinkatering.com\/es\/wp-json\/wp\/v2\/product_cat?post=6887"},{"taxonomy":"product_tag","embeddable":true,"href":"https:\/\/drinkatering.com\/es\/wp-json\/wp\/v2\/product_tag?post=6887"}],"curies":[{"name":"wp","href":"https:\/\/api.w.org\/{rel}","templated":true}]}}